{"id":45,"date":"2024-03-15T20:23:33","date_gmt":"2024-03-15T19:23:33","guid":{"rendered":"https:\/\/pnclrckt.com\/?page_id=45"},"modified":"2024-03-16T08:20:53","modified_gmt":"2024-03-16T07:20:53","slug":"a_propos","status":"publish","type":"page","link":"https:\/\/pnclrckt.com\/index.php\/a_propos\/","title":{"rendered":"PNCL RCKT, la recherche au service des industries."},"content":{"rendered":"\n<div class=\"wp-block-group alignfull has-background has-global-padding is-layout-constrained wp-container-core-group-is-layout-669513ed wp-block-group-is-layout-constrained\" style=\"background-color:#cccccc;margin-top:0;margin-bottom:0;padding-top:var(--wp--preset--spacing--50);padding-right:var(--wp--preset--spacing--50);padding-bottom:var(--wp--preset--spacing--50);padding-left:var(--wp--preset--spacing--50)\">\n<div class=\"wp-block-columns alignwide is-layout-flex wp-container-core-columns-is-layout-1da03c2a wp-block-columns-is-layout-flex\">\n<div class=\"wp-block-column is-vertically-aligned-stretch is-layout-flow wp-block-column-is-layout-flow\" style=\"flex-basis:70%\">\n<div class=\"wp-block-group is-vertical is-content-justification-stretch is-layout-flex wp-container-core-group-is-layout-444d5ee8 wp-block-group-is-layout-flex\" style=\"min-height:100%\">\n<p class=\"has-heading-font-family has-x-large-font-size\" style=\"line-height:1\">Pencil Rocket est une agence qui r\u00e9pond \u00e0 un besoin clairement identifi\u00e9. <\/p>\n\n\n\n<p class=\"wp-container-content-0733e5d0\" style=\"font-size:clamp(14.082px, 0.88rem + ((1vw - 3.2px) * 0.721), 21px);\">Les professionnel\u00b7le\u00b7s sont bien conscients des int\u00e9r\u00eats de la recherche acad\u00e9mique, mais ne sont pas forc\u00e9ment en mesure de l&#8217;op\u00e9rationnaliser ou de l&#8217;int\u00e9grer dans leurs processus de production. PNCL RCKT a donc pour objectif de fournir une expertise scientifique, en sciences humaines, de qualit\u00e9 et au service des industries. <\/p>\n\n\n\n<div class=\"wp-block-group has-global-padding is-content-justification-left is-layout-constrained wp-container-core-group-is-layout-9fe8ed88 wp-block-group-is-layout-constrained\">\n<div class=\"wp-block-buttons alignwide is-layout-flex wp-block-buttons-is-layout-flex\">\n<div class=\"wp-block-button has-custom-width wp-block-button__width-75 is-style-outline is-style-outline--1\"><a class=\"wp-block-button__link wp-element-button\" href=\"https:\/\/pnclrckt.com\/index.php\/contact\/\">Nous contacter pour d\u00e9marrer un projet<\/a><\/div>\n<\/div>\n<\/div>\n<\/div>\n<\/div>\n\n\n\n<div class=\"wp-block-column is-vertically-aligned-center is-layout-flow wp-block-column-is-layout-flow\" style=\"flex-basis:50%\">\n<figure class=\"wp-block-image aligncenter size-full is-resized is-style-rounded is-style-rounded--2\"><img loading=\"lazy\" decoding=\"async\" width=\"1000\" height=\"1000\" src=\"http:\/\/pnclrckt.com\/wp-content\/uploads\/2024\/03\/logo-pncl-rckt-couleur-fond-semi.png\" alt=\"\" class=\"wp-image-15\" style=\"aspect-ratio:0.75;object-fit:contain;width:393px;height:auto\" srcset=\"https:\/\/pnclrckt.com\/wp-content\/uploads\/2024\/03\/logo-pncl-rckt-couleur-fond-semi.png 1000w, https:\/\/pnclrckt.com\/wp-content\/uploads\/2024\/03\/logo-pncl-rckt-couleur-fond-semi-300x300.png 300w, https:\/\/pnclrckt.com\/wp-content\/uploads\/2024\/03\/logo-pncl-rckt-couleur-fond-semi-150x150.png 150w, https:\/\/pnclrckt.com\/wp-content\/uploads\/2024\/03\/logo-pncl-rckt-couleur-fond-semi-768x768.png 768w\" sizes=\"auto, (max-width: 1000px) 100vw, 1000px\" \/><\/figure>\n<\/div>\n<\/div>\n<\/div>\n\n\n\n<div class=\"wp-block-group alignfull has-background has-global-padding is-layout-constrained wp-container-core-group-is-layout-d89aad35 wp-block-group-is-layout-constrained\" style=\"background-color:#ffbe98;margin-top:0;margin-bottom:0;padding-top:var(--wp--preset--spacing--50);padding-right:var(--wp--preset--spacing--50);padding-bottom:var(--wp--preset--spacing--50);padding-left:var(--wp--preset--spacing--50)\">\n<div class=\"wp-block-columns alignwide is-layout-flex wp-container-core-columns-is-layout-1da03c2a wp-block-columns-is-layout-flex\">\n<div class=\"wp-block-column is-vertically-aligned-center is-layout-flow wp-block-column-is-layout-flow\" style=\"flex-basis:60%\">\n<figure class=\"wp-block-image size-full is-style-rounded wp-duotone-duotone-1 is-style-rounded--3\"><img loading=\"lazy\" decoding=\"async\" width=\"1440\" height=\"810\" src=\"https:\/\/pnclrckt.com\/wp-content\/uploads\/2024\/03\/424597372_18295660789153032_2461886595285452234_n.jpg\" alt=\"\" class=\"wp-image-47\" style=\"aspect-ratio:4\/3;object-fit:cover\" srcset=\"https:\/\/pnclrckt.com\/wp-content\/uploads\/2024\/03\/424597372_18295660789153032_2461886595285452234_n.jpg 1440w, https:\/\/pnclrckt.com\/wp-content\/uploads\/2024\/03\/424597372_18295660789153032_2461886595285452234_n-300x169.jpg 300w, https:\/\/pnclrckt.com\/wp-content\/uploads\/2024\/03\/424597372_18295660789153032_2461886595285452234_n-1024x576.jpg 1024w, https:\/\/pnclrckt.com\/wp-content\/uploads\/2024\/03\/424597372_18295660789153032_2461886595285452234_n-768x432.jpg 768w\" sizes=\"auto, (max-width: 1440px) 100vw, 1440px\" \/><\/figure>\n<\/div>\n\n\n\n<div class=\"wp-block-column is-layout-flow wp-block-column-is-layout-flow\" style=\"flex-basis:40%\">\n<h2 class=\"wp-block-heading\">On se pose. On \u00e9crit. On propulse.<\/h2>\n\n\n\n<p>Cette maxime d\u00e9crit notre raison d&#8217;\u00eatre. Pas de vernis, pas de fausse promesse, PNCL RCKT s&#8217;engage aupr\u00e8s de ses clients et clientes \u00e0 produire des livrables de qualit\u00e9, \u00e0 partir d&#8217;un cahier des charges clairement \u00e9tabli et en fonction d&#8217;\u00e9ch\u00e9ances pr\u00e9cises. Pas de surprise, pas de r\u00e9union superf\u00e9tatoire ou qui aurait du n&#8217;\u00eatre qu&#8217;un courriel, pas de travail et de questionnement hors sol. On se pose. On \u00e9crit. On (vous) propulse. <\/p>\n\n\n\n<p>Apr\u00e8s 10 ann\u00e9es \u00e0 explorer les tendances sociales, m\u00e9diatiques et culturelles, dont cinq au sein du premier \u00e9diteur fran\u00e7ais de jeux vid\u00e9o, Esteban (Grine) Giner a d\u00e9cid\u00e9 de lancer une offre de services au plus pr\u00e8s des besoins des cr\u00e9ateur\u00b7ice\u00b7s, des producteur\u00b7ice\u00b7s et des professionnel\u00b7le\u00b7s des industries.<\/p>\n\n\n\n<div class=\"wp-block-buttons is-layout-flex wp-block-buttons-is-layout-flex\">\n<div class=\"wp-block-button is-style-outline is-style-outline--4\"><a class=\"wp-block-button__link wp-element-button\" href=\"https:\/\/pnclrckt.com\/\">D\u00e9couvrir nos services<\/a><\/div>\n<\/div>\n<\/div>\n<\/div>\n<\/div>\n\n\n\n<div class=\"wp-block-group alignfull has-global-padding is-layout-constrained wp-container-core-group-is-layout-669513ed wp-block-group-is-layout-constrained\" style=\"margin-top:0;margin-bottom:0;padding-top:var(--wp--preset--spacing--50);padding-right:var(--wp--preset--spacing--50);padding-bottom:var(--wp--preset--spacing--50);padding-left:var(--wp--preset--spacing--50)\">\n<div class=\"wp-block-group is-vertical is-content-justification-center is-layout-flex wp-container-core-group-is-layout-ce155fab wp-block-group-is-layout-flex\">\n<h2 class=\"wp-block-heading has-text-align-center has-xx-large-font-size\">Qui se cache derri\u00e8re PNCL RCKT<\/h2>\n\n\n\n<p class=\"has-text-align-center\">PNCL RCKT est peut \u00eatre une agence nouvelle, mais derri\u00e8re se cache un habitu\u00e9 de la recherche &amp; de l&#8217;industrie.<\/p>\n<\/div>\n\n\n\n<div style=\"height:var(--wp--preset--spacing--30)\" aria-hidden=\"true\" class=\"wp-block-spacer\"><\/div>\n\n\n\n<div class=\"wp-block-columns alignwide has-medium-font-size is-layout-flex wp-container-core-columns-is-layout-4935966c wp-block-columns-is-layout-flex\" style=\"padding-right:0;padding-left:0\">\n<div class=\"wp-block-column is-layout-flow wp-container-core-column-is-layout-c43c6636 wp-block-column-is-layout-flow\" style=\"border-style:none;border-width:0px;padding-right:0;padding-left:0\">\n<figure class=\"wp-block-image aligncenter size-full is-resized is-style-rounded wp-duotone-duotone-1 is-style-rounded--5\"><img loading=\"lazy\" decoding=\"async\" width=\"360\" height=\"360\" src=\"http:\/\/pnclrckt.com\/wp-content\/uploads\/2024\/03\/portrait-OKLM360.webp\" alt=\"\" class=\"wp-image-49\" style=\"object-fit:cover;width:384px;height:auto\" srcset=\"https:\/\/pnclrckt.com\/wp-content\/uploads\/2024\/03\/portrait-OKLM360.webp 360w, https:\/\/pnclrckt.com\/wp-content\/uploads\/2024\/03\/portrait-OKLM360-300x300.webp 300w, https:\/\/pnclrckt.com\/wp-content\/uploads\/2024\/03\/portrait-OKLM360-150x150.webp 150w\" sizes=\"auto, (max-width: 360px) 100vw, 360px\" \/><\/figure>\n<\/div>\n\n\n\n<div class=\"wp-block-column is-layout-flow wp-block-column-is-layout-flow\">\n<div class=\"wp-block-group is-vertical is-layout-flex wp-container-core-group-is-layout-b1edd883 wp-block-group-is-layout-flex\">\n<p class=\"has-text-align-center has-heading-font-family has-x-large-font-size\"> Esteban (Grine) Giner<\/p>\n\n\n\n<p>Esteban Giner est chercheur au service des industries. Form\u00e9 \u00e0 la prospective, il accompagne des structures dans la mise en place de leur strat\u00e9gie. Il est \u00e9galement docteur en Sciences de l\u2019Information et de la Communication \u00e0 l\u2019universit\u00e9 de Lorraine. Ses recherches l&#8217;ont amen\u00e9 \u00e0 travailler sur de nombreuses probl\u00e9matiques comme les discours m\u00e9diatiques, les r\u00e9seaux qui les font circuler, ou encore les controverses qui structurent l&#8217;industrie du jeu vid\u00e9o. <\/p>\n\n\n\n<p>Apr\u00e8s 3 ann\u00e9es en tant qu&#8217;ing\u00e9nieur p\u00e9dagogique puis 5 en tant que chercheur au sein d&#8217;Ubisoft, il d\u00e9cide de mettre ses comp\u00e9tences au service de toutes et tous. Convaincu de l&#8217;importance de la recherche, mais conscient des contraintes de production, il cr\u00e9e PNCL RCKT dans le but de fournir un service de qualit\u00e9 aux entreprises de toutes tailles. <\/p>\n<\/div>\n<\/div>\n<\/div>\n<\/div>\n\n\n\n\n\n<div class=\"wp-block-group alignfull has-base-color has-contrast-background-color has-text-color has-background has-link-color wp-elements-46a6f07bb8f2e1be8ced11b139cdfdda has-global-padding is-layout-constrained wp-container-core-group-is-layout-d89aad35 wp-block-group-is-layout-constrained\" style=\"margin-top:0;margin-bottom:0;padding-top:var(--wp--preset--spacing--50);padding-right:var(--wp--preset--spacing--50);padding-bottom:var(--wp--preset--spacing--50);padding-left:var(--wp--preset--spacing--50)\">\n<h2 class=\"wp-block-heading alignwide has-base-color has-text-color has-link-color wp-elements-961120e30645e03a629938c532f241fe\" style=\"font-size:clamp(4.509rem, 4.509rem + ((1vw - 0.2rem) * 9.152), 10rem);letter-spacing:-0.02em\">FAQ<\/h2>\n\n\n\n<div class=\"wp-block-group alignwide is-layout-flow wp-block-group-is-layout-flow\">\n<hr class=\"wp-block-separator has-text-color has-base-color has-alpha-channel-opacity has-base-background-color has-background is-style-wide\"\/>\n\n\n\n<details class=\"wp-block-details is-style-arrow-icon-details has-medium-font-size is-layout-flow wp-block-details-is-layout-flow\" style=\"border-top-style:none;border-top-width:0px;border-right-style:none;border-right-width:0px;border-bottom-color:var(--wp--preset--color--base);border-bottom-style:solid;border-bottom-width:1px;border-left-style:none;border-left-width:0px;margin-top:0\"><summary>Quel est votre processus de travail lorsque vous d\u00e9marrez un projet&nbsp;?<\/summary>\n<p class=\"has-contrast-1-color has-text-color has-link-color wp-elements-6e69213860c43a3a3de77d4a04763edc\">La premi\u00e8re \u00e9tape de tout processus constitue la mise en place d&#8217;un cahier des charges. Cela permet dans un premier temps de clairement identifier le ou les besoins et de pr\u00e9senter les m\u00e9thodes permettant de produire les r\u00e9sultats n\u00e9cessaires afin de r\u00e9pondre \u00e0 ces besoins. La seconde \u00e9tape concerne la signature d&#8217;une convention d&#8217;honoraires ou d&#8217;un devis. Il s&#8217;agit d&#8217;un contrat \u00e9tablissant clairement les missions que vous confierez \u00e0 PNCL RCKT et les livrables que l&#8217;agence s&#8217;engage \u00e0 produire. Ensuite, en fonction des missions, nous mettons en place des modalit\u00e9s de collaboration ainsi que de communication, la temporalit\u00e9 et les \u00e9tapes du projet, les \u00e9ventuels besoins de PNCL RCKT pour la bonne r\u00e9alisation de sa mission, etc. Tout au long d&#8217;un projet, le ou la cliente verra les \u00e9tapes de la production de sorte que le ou les livrables finaux conviennent parfaitement. Enfin, le livrable final remis, PNCL RCKT remet un &#8220;bon de livraison pour service fait&#8221; et met en place un questionnaire de satisfaction l&#8217;accompagnant.<\/p>\n<\/details>\n\n\n\n<details class=\"wp-block-details is-style-arrow-icon-details has-medium-font-size is-layout-flow wp-block-details-is-layout-flow\" style=\"border-top-style:none;border-top-width:0px;border-right-style:none;border-right-width:0px;border-bottom-color:var(--wp--preset--color--base);border-bottom-style:solid;border-bottom-width:1px;border-left-style:none;border-left-width:0px;margin-top:0\"><summary>Pourquoi PNCL RCKT&nbsp;? Je n\u2019ai pas la r\u00e9f\u00e9rence !<\/summary>\n<p class=\"has-contrast-1-color has-text-color has-link-color wp-elements-387d6fb81e01b0f74f2e2a0c7fc0f5be\">Les <em>Pencil Rockets <\/em>ont \u00e9t\u00e9 une s\u00e9rie de fus\u00e9es d\u00e9velopp\u00e9es par le Japon dans les ann\u00e9es 50. Consid\u00e9r\u00e9es \u00e0 un moment comme \u00e9tant probablement les plus petites fus\u00e9es du monde (Itokawa, 1957), elles mesuraient une vingtaine de centim\u00e8tres pour un diam\u00e8tre de moins de 2 cm. Les <em>Pencil Rockets <\/em>sont aussi des objets dans les jeux vid\u00e9o qu&#8217;\u00e9tudia Esteban Giner dans le cadre de sa th\u00e8se de doctorat : <em>Mother 1 <\/em>&amp; <em>Mother 2<\/em>, deux chefs-d&#8217;\u0153uvre incontournables.<\/p>\n<\/details>\n\n\n\n<details class=\"wp-block-details is-style-arrow-icon-details has-medium-font-size is-layout-flow wp-block-details-is-layout-flow\" style=\"border-top-style:none;border-top-width:0px;border-right-style:none;border-right-width:0px;border-bottom-color:var(--wp--preset--color--base);border-bottom-style:solid;border-bottom-width:1px;border-left-style:none;border-left-width:0px;margin-top:0\"><summary>J\u2019aimerais rencontrer PNCL RCKT, comment faire&nbsp;?<\/summary>\n<p class=\"has-contrast-1-color has-text-color has-link-color wp-elements-8a9b00b246a5ede99ecf835933955bd4\">Le formulaire de contact sur le site est un bon moyen de s&#8217;assurer que votre message nous parviendra sur une boite mail r\u00e9guli\u00e8rement fr\u00e9quent\u00e9e. Cela \u00e9tant, Esteban Giner est \u00e9galement joignable sur bon nombre de r\u00e9seaux sociaux, en particulier Twitter (X) &amp; LinkedIn. <\/p>\n<\/details>\n\n\n\n<details class=\"wp-block-details is-style-arrow-icon-details has-medium-font-size is-layout-flow wp-block-details-is-layout-flow\" style=\"border-top-style:none;border-top-width:0px;border-right-style:none;border-right-width:0px;border-bottom-color:var(--wp--preset--color--base);border-bottom-style:solid;border-bottom-width:1px;border-left-style:none;border-left-width:0px;margin-top:0\"><summary>Puis-je postuler pour faire partie de l\u2019\u00e9quipe&nbsp;?<\/summary>\n<p class=\"has-contrast-1-color has-text-color has-link-color wp-elements-0aa507f08f705a2610d5b92ccc746fed\">PNCL RCKT ne recrute pas \u00e0 ce jour. Cependant, Esteban Giner a \u00e0 c\u0153ur d&#8217;\u0153uvrer en bonne collaboration avec ses pairs, les personnes concern\u00e9es par des th\u00e9matiques pr\u00e9cises et &#8220;de faire la passe&#8221; lorsqu&#8217;il sait ne pas \u00eatre en mesure d&#8217;adresser parfaitement un besoin d&#8217;un\u00b7e\u00b7s de ses client\u00b7e\u00b7s. C&#8217;est pourquoi Esteban Giner souhaite maintenir \u00e0 jour son r\u00e9seau de contacts professionnels. N&#8217;h\u00e9sitez donc pas \u00e0 nous contacter si vous \u00eates chercheur\u00b7euse, doctorant\u00b7e, une association, une autre agence de recherche ou tout simplement un\u00b7e potentiel\u00b7le futur\u00b7e collaborateur\u00b7ice. <\/p>\n<\/details>\n\n\n\n<div style=\"margin-top:var(--wp--preset--spacing--10);margin-bottom:0;height:var(--wp--preset--spacing--10)\" aria-hidden=\"true\" class=\"wp-block-spacer\"><\/div>\n<\/div>\n<\/div>\n","protected":false},"excerpt":{"rendered":"<p>Pencil Rocket est une agence qui r\u00e9pond \u00e0 un besoin clairement identifi\u00e9. Les professionnel\u00b7le\u00b7s sont bien conscients des int\u00e9r\u00eats de la recherche acad\u00e9mique, mais ne sont pas forc\u00e9ment en mesure de l&#8217;op\u00e9rationnaliser ou de l&#8217;int\u00e9grer dans leurs processus de production. PNCL RCKT a donc pour objectif de fournir une expertise scientifique, en sciences humaines, de [&hellip;]<\/p>\n","protected":false},"author":2,"featured_media":0,"parent":0,"menu_order":0,"comment_status":"closed","ping_status":"closed","template":"","meta":{"footnotes":""},"class_list":["post-45","page","type-page","status-publish","hentry"],"jetpack_sharing_enabled":true,"_links":{"self":[{"href":"https:\/\/pnclrckt.com\/index.php\/wp-json\/wp\/v2\/pages\/45","targetHints":{"allow":["GET"]}}],"collection":[{"href":"https:\/\/pnclrckt.com\/index.php\/wp-json\/wp\/v2\/pages"}],"about":[{"href":"https:\/\/pnclrckt.com\/index.php\/wp-json\/wp\/v2\/types\/page"}],"author":[{"embeddable":true,"href":"https:\/\/pnclrckt.com\/index.php\/wp-json\/wp\/v2\/users\/2"}],"replies":[{"embeddable":true,"href":"https:\/\/pnclrckt.com\/index.php\/wp-json\/wp\/v2\/comments?post=45"}],"version-history":[{"count":11,"href":"https:\/\/pnclrckt.com\/index.php\/wp-json\/wp\/v2\/pages\/45\/revisions"}],"predecessor-version":[{"id":65,"href":"https:\/\/pnclrckt.com\/index.php\/wp-json\/wp\/v2\/pages\/45\/revisions\/65"}],"wp:attachment":[{"href":"https:\/\/pnclrckt.com\/index.php\/wp-json\/wp\/v2\/media?parent=45"}],"curies":[{"name":"wp","href":"https:\/\/api.w.org\/{rel}","templated":true}]}}