{"id":30,"date":"2024-03-15T16:42:31","date_gmt":"2024-03-15T15:42:31","guid":{"rendered":"https:\/\/pnclrckt.com\/?page_id=30"},"modified":"2024-03-15T16:42:31","modified_gmt":"2024-03-15T15:42:31","slug":"contact","status":"publish","type":"page","link":"https:\/\/pnclrckt.com\/index.php\/contact\/","title":{"rendered":"Formulaire de contact"},"content":{"rendered":"<div class=\"aligncenter wp-block-site-logo\"><a href=\"https:\/\/pnclrckt.com\/\" class=\"custom-logo-link\" rel=\"home\"><img loading=\"lazy\" decoding=\"async\" width=\"218\" height=\"218\" src=\"https:\/\/pnclrckt.com\/wp-content\/uploads\/2024\/03\/logo-pncl-rckt-couleur-fond-semi.png\" class=\"custom-logo\" alt=\"PNCL RCKT, agence cr\u00e9ative de recherches\" srcset=\"https:\/\/pnclrckt.com\/wp-content\/uploads\/2024\/03\/logo-pncl-rckt-couleur-fond-semi.png 1000w, https:\/\/pnclrckt.com\/wp-content\/uploads\/2024\/03\/logo-pncl-rckt-couleur-fond-semi-300x300.png 300w, https:\/\/pnclrckt.com\/wp-content\/uploads\/2024\/03\/logo-pncl-rckt-couleur-fond-semi-150x150.png 150w, https:\/\/pnclrckt.com\/wp-content\/uploads\/2024\/03\/logo-pncl-rckt-couleur-fond-semi-768x768.png 768w\" sizes=\"auto, (max-width: 218px) 100vw, 218px\" \/><\/a><\/div>\n\n\n<p class=\"has-text-align-center\">Un projet qui n\u00e9cessite une perspective acad\u00e9mique ? Un besoin d&#8217;accompagnment ? PNCL RCKT est \u00e0 votre \u00e9coute. Ce questionnaire a pour objectif de nous alerter sur une possible demande. Nous revenons vers vous avec une \u00e9ventuelle proposition pour un \u00e9change t\u00e9l\u00e9phonique ou lors d&#8217;une visioconf\u00e9rence.<\/p>\n\n\n<div class=\"wp-block-jetpack-contact-form\"><a href=\"https:\/\/pnclrckt.com\/index.php\/contact\/\" target=\"_blank\" rel=\"noopener noreferrer\">Submit a form.<\/a><\/div>","protected":false},"excerpt":{"rendered":"<p>Un projet qui n\u00e9cessite une perspective acad\u00e9mique ? Un besoin d&#8217;accompagnment ? PNCL RCKT est \u00e0 votre \u00e9coute. Ce questionnaire a pour objectif de nous alerter sur une possible demande. Nous revenons vers vous avec une \u00e9ventuelle proposition pour un \u00e9change t\u00e9l\u00e9phonique ou lors d&#8217;une visioconf\u00e9rence.<\/p>\n","protected":false},"author":2,"featured_media":0,"parent":0,"menu_order":0,"comment_status":"closed","ping_status":"closed","template":"","meta":{"footnotes":""},"class_list":["post-30","page","type-page","status-publish","hentry"],"jetpack_sharing_enabled":true,"_links":{"self":[{"href":"https:\/\/pnclrckt.com\/index.php\/wp-json\/wp\/v2\/pages\/30","targetHints":{"allow":["GET"]}}],"collection":[{"href":"https:\/\/pnclrckt.com\/index.php\/wp-json\/wp\/v2\/pages"}],"about":[{"href":"https:\/\/pnclrckt.com\/index.php\/wp-json\/wp\/v2\/types\/page"}],"author":[{"embeddable":true,"href":"https:\/\/pnclrckt.com\/index.php\/wp-json\/wp\/v2\/users\/2"}],"replies":[{"embeddable":true,"href":"https:\/\/pnclrckt.com\/index.php\/wp-json\/wp\/v2\/comments?post=30"}],"version-history":[{"count":1,"href":"https:\/\/pnclrckt.com\/index.php\/wp-json\/wp\/v2\/pages\/30\/revisions"}],"predecessor-version":[{"id":31,"href":"https:\/\/pnclrckt.com\/index.php\/wp-json\/wp\/v2\/pages\/30\/revisions\/31"}],"wp:attachment":[{"href":"https:\/\/pnclrckt.com\/index.php\/wp-json\/wp\/v2\/media?parent=30"}],"curies":[{"name":"wp","href":"https:\/\/api.w.org\/{rel}","templated":true}]}}